{"id":2223,"date":"2022-10-09T23:22:24","date_gmt":"2022-10-09T23:22:24","guid":{"rendered":"https:\/\/konstruktion.vamtam.com\/?page_id=2223"},"modified":"2025-03-28T04:29:13","modified_gmt":"2025-03-28T04:29:13","slug":"gulcin-okay","status":"publish","type":"page","link":"https:\/\/petragrup.net\/ru\/gulcin-okay\/","title":{"rendered":"G\u00fcl\u00e7in OKAY"},"content":{"rendered":"<div data-elementor-type=\"wp-page\" data-elementor-id=\"2223\" class=\"elementor elementor-2223\" data-elementor-post-type=\"page\">\n\t\t\t\t\t\t<section class=\"elementor-section elementor-top-section elementor-element elementor-element-bfde6b6 elementor-section-boxed elementor-section-height-default elementor-section-height-default\" data-id=\"bfde6b6\" data-element_type=\"section\" data-settings=\"{&quot;background_background&quot;:&quot;classic&quot;}\">\n\t\t\t\t\t\t<div class=\"elementor-container elementor-column-gap-no\">\n\t\t\t\t\t<div class=\"elementor-column elementor-col-50 elementor-top-column elementor-element elementor-element-b9b56af\" data-id=\"b9b56af\" data-element_type=\"column\">\n\t\t\t<div class=\"elementor-widget-wrap elementor-element-populated\">\n\t\t\t\t\t\t<div class=\"elementor-element elementor-element-bd76d17 elementor-widget elementor-widget-image\" data-id=\"bd76d17\" data-element_type=\"widget\" data-widget_type=\"image.default\">\n\t\t\t\t<div class=\"elementor-widget-container\">\n\t\t\t\t\t\t\t\t\t\t\t\t\t\t\t<img fetchpriority=\"high\" decoding=\"async\" width=\"443\" height=\"600\" src=\"https:\/\/petragrup.net\/wp-content\/uploads\/2025\/03\/acp-Gulcin-Okay.png\" class=\"attachment-full size-full wp-image-987715\" alt=\"\" srcset=\"https:\/\/petragrup.net\/wp-content\/uploads\/2025\/03\/acp-Gulcin-Okay.png 443w, https:\/\/petragrup.net\/wp-content\/uploads\/2025\/03\/acp-Gulcin-Okay-222x300.png 222w\" sizes=\"(max-width: 443px) 100vw, 443px\" \/>\t\t\t\t\t\t\t\t\t\t\t\t\t\t\t<\/div>\n\t\t\t\t<\/div>\n\t\t\t\t\t<\/div>\n\t\t<\/div>\n\t\t\t\t<div class=\"elementor-column elementor-col-50 elementor-top-column elementor-element elementor-element-b1d9809\" data-id=\"b1d9809\" data-element_type=\"column\">\n\t\t\t<div class=\"elementor-widget-wrap elementor-element-populated\">\n\t\t\t\t\t\t<div class=\"elementor-element elementor-element-6ac9413 elementor-position-right elementor-widget__width-auto elementor-mobile-position-right elementor-vertical-align-middle elementor-view-default elementor-invisible elementor-widget elementor-widget-icon-box\" data-id=\"6ac9413\" data-element_type=\"widget\" data-settings=\"{&quot;_animation&quot;:&quot;slideInUp&quot;,&quot;_animation_tablet&quot;:&quot;none&quot;}\" data-widget_type=\"icon-box.default\">\n\t\t\t\t<div class=\"elementor-widget-container\">\n\t\t\t\t\t\t\t<div class=\"elementor-icon-box-wrapper\">\n\n\t\t\t\t\t\t<div class=\"elementor-icon-box-icon\">\n\t\t\t\t<span  class=\"elementor-icon\">\n\t\t\t\t<i aria-hidden=\"true\" class=\"vamtamtheme- vamtam-theme-line-titles\"><\/i>\t\t\t\t<\/span>\n\t\t\t<\/div>\n\t\t\t\n\t\t\t\t\t\t<div class=\"elementor-icon-box-content\">\n\n\t\t\t\t\t\t\t\t\t<span class=\"elementor-icon-box-title\">\n\t\t\t\t\t\t<span  >\n\t\t\t\t\t\t\tCEO Founder\t\t\t\t\t\t<\/span>\n\t\t\t\t\t<\/span>\n\t\t\t\t\n\t\t\t\t\n\t\t\t<\/div>\n\t\t\t\n\t\t<\/div>\n\t\t\t\t\t\t<\/div>\n\t\t\t\t<\/div>\n\t\t\t\t<div class=\"elementor-element elementor-element-73abdd5 elementor-widget elementor-widget-heading\" data-id=\"73abdd5\" data-element_type=\"widget\" data-widget_type=\"heading.default\">\n\t\t\t\t<div class=\"elementor-widget-container\">\n\t\t\t\t\t<h2 class=\"elementor-heading-title elementor-size-default\">G\u00fcl\u00e7in OKAY<\/h2>\t\t\t\t<\/div>\n\t\t\t\t<\/div>\n\t\t\t\t<div class=\"elementor-element elementor-element-b2e0895 elementor-widget__width-initial elementor-widget elementor-widget-text-editor\" data-id=\"b2e0895\" data-element_type=\"widget\" data-widget_type=\"text-editor.default\">\n\t\t\t\t<div class=\"elementor-widget-container\">\n\t\t\t\t\t\t\t\t\t<p>17 y\u0131l \u00f6nce bizzat gayrimenkul dan\u0131\u015fmanl\u0131\u011f\u0131 yaparak ba\u015flad\u0131\u011f\u0131m Gayrimenkul Sekt\u00f6r\u00fcnde \u00f6nemli olan\u0131n: \u0130\u015fine odaklanmak e\u011fitime \u00f6nem vermek prensipli \u00e7al\u0131\u015fmak. yapt\u0131\u011f\u0131n i\u015fi farkl\u0131la\u015ft\u0131rmak m\u00fc\u015fterilerine k\u0131ymet vermek hizmet kalitesini s\u00fcrekli olarak y\u00fckselterek sekt\u00f6re\u2019 yeni geli\u015fmelere s\u00fcratle ayak uydurmak oldu\u011funu g\u00f6rd\u00fcm.<\/p><p>Sekt\u00f6r\u00fcm\u00fczde elde etti\u011fimiz ba\u015far\u0131, sadece bizim i\u00e7in de\u011fil, ayn\u0131 zamanda gelecekteki nesiller i\u00e7in de bir ilham kayna\u011f\u0131 olmay\u0131 s\u00fcrd\u00fcrecek!<\/p><p>17 y\u0131l\u0131n ard\u0131ndan ula\u015ft\u0131\u011f\u0131m\u0131z bu ba\u015far\u0131da; i\u00e7tenli\u011fimiz, tutkumuz ve uzmanl\u0131\u011f\u0131m\u0131zla sevgi ve g\u00fcven dolu izler b\u0131rakmaya devam ediyoruz.<\/p>\t\t\t\t\t\t\t\t<\/div>\n\t\t\t\t<\/div>\n\t\t\t\t<div class=\"vamtam-has-theme-widget-styles elementor-element elementor-element-b2cb1f4 vamtam-has-underline-anim elementor-widget elementor-widget-button\" data-id=\"b2cb1f4\" data-element_type=\"widget\" data-widget_type=\"button.default\">\n\t\t\t\t<div class=\"elementor-widget-container\">\n\t\t\t\t\t\t\t\t\t<div class=\"elementor-button-wrapper\">\n\t\t\t\t\t<a class=\"elementor-button elementor-size-sm\" role=\"button\">\n\t\t\t\t\t\t<span class=\"elementor-button-content-wrapper\">\n\t\t\t\t\t\t\t\t\t<span class=\"elementor-button-text\">Mesleki Yeterlilik Belge No: YB0053\/17UY0333-5\/00\/2812<\/span>\n\t\t\t\t\t<\/span>\n\t\t\t\t\t<\/a>\n\t\t\t\t<\/div>\n\t\t\t\t\t\t\t\t<\/div>\n\t\t\t\t<\/div>\n\t\t\t\t<div class=\"elementor-element elementor-element-45f7b9e elementor-shape-circle elementor-grid-4 e-grid-align-left elementor-widget elementor-widget-social-icons\" data-id=\"45f7b9e\" data-element_type=\"widget\" data-widget_type=\"social-icons.default\">\n\t\t\t\t<div class=\"elementor-widget-container\">\n\t\t\t\t\t\t\t<div class=\"elementor-social-icons-wrapper elementor-grid\">\n\t\t\t\t\t\t\t<span class=\"elementor-grid-item\">\n\t\t\t\t\t<a class=\"elementor-icon elementor-social-icon elementor-social-icon-whatsapp elementor-repeater-item-1f61d3d\" href=\"https:\/\/wa.me\/905357300599\" target=\"_blank\">\n\t\t\t\t\t\t<span class=\"elementor-screen-only\">Whatsapp<\/span>\n\t\t\t\t\t\t<i class=\"fab fa-whatsapp\"><\/i>\t\t\t\t\t<\/a>\n\t\t\t\t<\/span>\n\t\t\t\t\t\t\t<span class=\"elementor-grid-item\">\n\t\t\t\t\t<a class=\"elementor-icon elementor-social-icon elementor-social-icon-instagram elementor-repeater-item-8f10e1a\" href=\"https:\/\/www.instagram.com\/fcgulcinokay\/\" target=\"_blank\">\n\t\t\t\t\t\t<span class=\"elementor-screen-only\">Instagram<\/span>\n\t\t\t\t\t\t<i class=\"fab fa-instagram\"><\/i>\t\t\t\t\t<\/a>\n\t\t\t\t<\/span>\n\t\t\t\t\t\t\t<span class=\"elementor-grid-item\">\n\t\t\t\t\t<a class=\"elementor-icon elementor-social-icon elementor-social-icon-facebook elementor-repeater-item-a9a7ad5\" href=\"https:\/\/www.facebook.com\/profile.php?id=100093272171615\" target=\"_blank\">\n\t\t\t\t\t\t<span class=\"elementor-screen-only\">Facebook<\/span>\n\t\t\t\t\t\t<i class=\"fab fa-facebook\"><\/i>\t\t\t\t\t<\/a>\n\t\t\t\t<\/span>\n\t\t\t\t\t\t\t<span class=\"elementor-grid-item\">\n\t\t\t\t\t<a class=\"elementor-icon elementor-social-icon elementor-social-icon-linkedin elementor-repeater-item-0bcaef8\" href=\"https:\/\/www.linkedin.com\/in\/g%C3%BCl%C3%A7in-okay-2214b91a7\/\" target=\"_blank\">\n\t\t\t\t\t\t<span class=\"elementor-screen-only\">Linkedin<\/span>\n\t\t\t\t\t\t<i class=\"fab fa-linkedin\"><\/i>\t\t\t\t\t<\/a>\n\t\t\t\t<\/span>\n\t\t\t\t\t<\/div>\n\t\t\t\t\t\t<\/div>\n\t\t\t\t<\/div>\n\t\t\t\t\t<\/div>\n\t\t<\/div>\n\t\t\t\t\t<\/div>\n\t\t<\/section>\n\t\t\t\t<\/div>","protected":false},"excerpt":{"rendered":"<p>CEO Founder G\u00fcl\u00e7in OKAY 17 y\u0131l \u00f6nce bizzat gayrimenkul dan\u0131\u015fmanl\u0131\u011f\u0131 yaparak ba\u015flad\u0131\u011f\u0131m Gayrimenkul Sekt\u00f6r\u00fcnde \u00f6nemli olan\u0131n: \u0130\u015fine odaklanmak e\u011fitime \u00f6nem vermek prensipli \u00e7al\u0131\u015fmak. yapt\u0131\u011f\u0131n i\u015fi farkl\u0131la\u015ft\u0131rmak m\u00fc\u015fterilerine k\u0131ymet vermek hizmet kalitesini s\u00fcrekli olarak y\u00fckselterek sekt\u00f6re\u2019 yeni geli\u015fmelere s\u00fcratle ayak uydurmak oldu\u011funu g\u00f6rd\u00fcm. Sekt\u00f6r\u00fcm\u00fczde elde etti\u011fimiz ba\u015far\u0131, sadece bizim i\u00e7in de\u011fil, ayn\u0131 zamanda gelecekteki nesiller i\u00e7in&#8230;<\/p>","protected":false},"author":1,"featured_media":0,"parent":0,"menu_order":0,"comment_status":"closed","ping_status":"closed","template":"","meta":{"footnotes":""},"class_list":["post-2223","page","type-page","status-publish","hentry"],"_links":{"self":[{"href":"https:\/\/petragrup.net\/ru\/wp-json\/wp\/v2\/pages\/2223","targetHints":{"allow":["GET"]}}],"collection":[{"href":"https:\/\/petragrup.net\/ru\/wp-json\/wp\/v2\/pages"}],"about":[{"href":"https:\/\/petragrup.net\/ru\/wp-json\/wp\/v2\/types\/page"}],"author":[{"embeddable":true,"href":"https:\/\/petragrup.net\/ru\/wp-json\/wp\/v2\/users\/1"}],"replies":[{"embeddable":true,"href":"https:\/\/petragrup.net\/ru\/wp-json\/wp\/v2\/comments?post=2223"}],"version-history":[{"count":7,"href":"https:\/\/petragrup.net\/ru\/wp-json\/wp\/v2\/pages\/2223\/revisions"}],"predecessor-version":[{"id":988018,"href":"https:\/\/petragrup.net\/ru\/wp-json\/wp\/v2\/pages\/2223\/revisions\/988018"}],"wp:attachment":[{"href":"https:\/\/petragrup.net\/ru\/wp-json\/wp\/v2\/media?parent=2223"}],"curies":[{"name":"wp","href":"https:\/\/api.w.org\/{rel}","templated":true}]}}