{"id":812,"date":"2022-09-13T08:51:17","date_gmt":"2022-09-13T08:51:17","guid":{"rendered":"https:\/\/konstruktion.vamtam.com\/?page_id=812"},"modified":"2025-11-19T20:14:30","modified_gmt":"2025-11-19T20:14:30","slug":"hakkimizda","status":"publish","type":"page","link":"https:\/\/petragrup.net\/de\/hakkimizda\/","title":{"rendered":"\u00dcber uns"},"content":{"rendered":"<div data-elementor-type=\"wp-page\" data-elementor-id=\"812\" class=\"elementor elementor-812\" data-elementor-post-type=\"page\">\n\t\t\t\t\t\t<section class=\"elementor-section elementor-top-section elementor-element elementor-element-ac4e796 elementor-section-full_width elementor-section-height-min-height elementor-section-stretched elementor-section-content-middle elementor-section-height-default elementor-section-items-middle\" data-id=\"ac4e796\" data-element_type=\"section\" data-settings=\"{&quot;background_background&quot;:&quot;classic&quot;,&quot;stretch_section&quot;:&quot;section-stretched&quot;}\">\n\t\t\t\t\t\t\t<div class=\"elementor-background-overlay\"><\/div>\n\t\t\t\t\t\t\t<div class=\"elementor-container elementor-column-gap-default\">\n\t\t\t\t\t<div class=\"elementor-column elementor-col-100 elementor-top-column elementor-element elementor-element-3c1db8f\" data-id=\"3c1db8f\" data-element_type=\"column\">\n\t\t\t<div class=\"elementor-widget-wrap\">\n\t\t\t\t\t\t\t<\/div>\n\t\t<\/div>\n\t\t\t\t\t<\/div>\n\t\t<\/section>\n\t\t\t\t<section class=\"elementor-section elementor-top-section elementor-element elementor-element-8c31885 elementor-hidden-desktop elementor-hidden-tablet elementor-hidden-mobile elementor-section-boxed elementor-section-height-default elementor-section-height-default\" data-id=\"8c31885\" data-element_type=\"section\" data-settings=\"{&quot;background_background&quot;:&quot;classic&quot;}\">\n\t\t\t\t\t\t<div class=\"elementor-container elementor-column-gap-no\">\n\t\t\t\t\t<div class=\"elementor-column elementor-col-100 elementor-top-column elementor-element elementor-element-8e84825\" data-id=\"8e84825\" data-element_type=\"column\">\n\t\t\t<div class=\"elementor-widget-wrap\">\n\t\t\t\t\t\t\t<\/div>\n\t\t<\/div>\n\t\t\t\t\t<\/div>\n\t\t<\/section>\n\t\t<div class=\"elementor-element elementor-element-c7746a4 e-flex e-con-boxed e-con e-parent\" data-id=\"c7746a4\" data-element_type=\"container\">\n\t\t\t\t\t<div class=\"e-con-inner\">\n\t\t<div class=\"elementor-element elementor-element-29169c2 e-con-full e-flex e-con e-child\" data-id=\"29169c2\" data-element_type=\"container\">\n\t\t<div class=\"elementor-element elementor-element-bf1200b e-flex e-con-boxed e-con e-child\" data-id=\"bf1200b\" data-element_type=\"container\">\n\t\t\t\t\t<div class=\"e-con-inner\">\n\t\t\t\t<div class=\"elementor-element elementor-element-3d26edd elementor-widget elementor-widget-text-editor\" data-id=\"3d26edd\" data-element_type=\"widget\" data-widget_type=\"text-editor.default\">\n\t\t\t\t<div class=\"elementor-widget-container\">\n\t\t\t\t\t\t\t\t\t<p>ER-KAYA \u0130N\u015eAAT<\/p>\t\t\t\t\t\t\t\t<\/div>\n\t\t\t\t<\/div>\n\t\t\t\t\t<\/div>\n\t\t\t\t<\/div>\n\t\t\t\t<div class=\"elementor-element elementor-element-5e6bc37 elementor-widget__width-initial elementor-widget elementor-widget-text-editor\" data-id=\"5e6bc37\" data-element_type=\"widget\" data-widget_type=\"text-editor.default\">\n\t\t\t\t<div class=\"elementor-widget-container\">\n\t\t\t\t\t\t\t\t\t<p>2014-2018 YILLARI BOYUNCA T\u00dcRK TELEKOM M\u00dcTEAHH\u0130T PERFORMANS DE\u011eERLEND\u0130RMES\u0130NDE T\u00dcM B\u00d6LGELER ARASINDA EN BA\u015eARILI M\u00dcTEAHH\u0130T F\u0130RMA OLMA BA\u015eARISINI G\u00d6STERD\u0130K. 2019 YILI \u0130T\u0130BAR\u0130YLE PROFESYONEL KADROMUZ \u0130LE T\u00dcRK TELEKOM\u2019UN MOB\u0130L BAKIM \u00c7\u00d6Z\u00dcM ORTA\u011eIYIZ.<\/p>\t\t\t\t\t\t\t\t<\/div>\n\t\t\t\t<\/div>\n\t\t\t\t<div class=\"elementor-element elementor-element-72da559 elementor-widget elementor-widget-spacer\" data-id=\"72da559\" data-element_type=\"widget\" data-widget_type=\"spacer.default\">\n\t\t\t\t<div class=\"elementor-widget-container\">\n\t\t\t\t\t\t\t<div class=\"elementor-spacer\">\n\t\t\t<div class=\"elementor-spacer-inner\"><\/div>\n\t\t<\/div>\n\t\t\t\t\t\t<\/div>\n\t\t\t\t<\/div>\n\t\t<div class=\"elementor-element elementor-element-4fdb813 e-flex e-con-boxed e-con e-child\" data-id=\"4fdb813\" data-element_type=\"container\">\n\t\t\t\t\t<div class=\"e-con-inner\">\n\t\t<div class=\"elementor-element elementor-element-af143f5 e-con-full e-flex e-con e-child\" data-id=\"af143f5\" data-element_type=\"container\">\n\t\t\t\t<div class=\"elementor-element elementor-element-597891e about-text elementor-widget elementor-widget-text-editor\" data-id=\"597891e\" data-element_type=\"widget\" data-widget_type=\"text-editor.default\">\n\t\t\t\t<div class=\"elementor-widget-container\">\n\t\t\t\t\t\t\t\t\t<p>ER-KAYA \u0130N\u015eAAT olarak m\u00fc\u015fteri memnuniyetinin ekonomik kazanc\u0131m\u0131zdan \u00f6nde geldi\u011fi bilin\u00e7 ve ER-KAYA \u0130N\u015eAAT olarak m\u00fc\u015fteri memnuniyetinin ekonomik kazanc\u0131m\u0131zdan \u00f6nde geldi\u011fi bilin\u00e7 ve kararl\u0131l\u0131\u011f\u0131 ile bug\u00fcn, yar\u0131n ve daima en iyiye ula\u015fmaya, hatay\u0131 olu\u015fmadan \u00f6nlemeye, \u00e7al\u0131\u015fanlar\u0131m\u0131z\u0131 her f\u0131rsatta e\u011fitmeye kararl\u0131y\u0131z.<\/p>\t\t\t\t\t\t\t\t<\/div>\n\t\t\t\t<\/div>\n\t\t\t\t<\/div>\n\t\t<div class=\"elementor-element elementor-element-7c736e3 e-con-full e-flex e-con e-child\" data-id=\"7c736e3\" data-element_type=\"container\" data-settings=\"{&quot;background_background&quot;:&quot;classic&quot;}\">\n\t\t\t\t<div class=\"elementor-element elementor-element-2dd030a elementor-widget__width-inherit elementor-widget elementor-widget-text-editor\" data-id=\"2dd030a\" data-element_type=\"widget\" data-widget_type=\"text-editor.default\">\n\t\t\t\t<div class=\"elementor-widget-container\">\n\t\t\t\t\t\t\t\t\t<p>2007\u2019de ba\u015flad\u0131\u011f\u0131m\u0131z bu yolculukta, yapt\u0131\u011f\u0131m\u0131z i\u015fe sayg\u0131y\u0131 ilke olarak kabul edip, maddi kazanc\u0131n \u00f6tesinde i\u015f yapt\u0131\u011f\u0131m\u0131z kurum ve ki\u015filer nezdinde g\u00fcvenilirli\u011fi, d\u00fcr\u00fcstl\u00fc\u011f\u00fc ve kaliteyi \u00f6n planda tutmay\u0131 kendimize hedef se\u00e7tik.<br \/><br \/>\u00c7evreye yasalar\u0131n \u00f6n g\u00f6rd\u00fc\u011f\u00fc zorunluluklar \u00f6tesinde bir titizlikle \u00f6zen g\u00f6stermeyi; bilimin gerekliliklerine uyarak hizmet kalitemizin geli\u015ftirme \u00e7al\u0131\u015fmalar\u0131n\u0131 t\u00fcm \u00e7al\u0131\u015fanlar\u0131n kat\u0131l\u0131m\u0131 ile desteklemeyi; y\u00f6netim sistemlerinin devaml\u0131l\u0131\u011f\u0131n\u0131 sa\u011flamay\u0131 ve s\u00fcrekli geli\u015ftirmeyi \u015firket politikas\u0131 olarak g\u00f6r\u00fcyoruz.<\/p>\t\t\t\t\t\t\t\t<\/div>\n\t\t\t\t<\/div>\n\t\t\t\t<\/div>\n\t\t<div class=\"elementor-element elementor-element-e9430bf e-con-full e-flex e-con e-child\" data-id=\"e9430bf\" data-element_type=\"container\">\n\t\t\t\t<div class=\"elementor-element elementor-element-5efe2f2 about-text elementor-widget elementor-widget-text-editor\" data-id=\"5efe2f2\" data-element_type=\"widget\" data-widget_type=\"text-editor.default\">\n\t\t\t\t<div class=\"elementor-widget-container\">\n\t\t\t\t\t\t\t\t\t<p>G\u00fcn\u00fcm\u00fczde amat\u00f6r bir ruhu profesyonel bir i\u015fletme anlay\u0131\u015f\u0131 ile birle\u015ftiren ER-KAYA \u0130N\u015eAAT giderek geni\u015fleyen i\u015f hacmine paralel olarak, makina park\u0131n\u0131, ekipman\u0131n\u0131 ve deneyimli kadrosunu g\u00fcnden g\u00fcne b\u00fcy\u00fctmektedir.<br \/><br \/>ER-KAYA \u0130N\u015eAAT g\u00fcn\u00fcm\u00fcze kadar ger\u00e7ekle\u015ftirdi\u011fi projeleriyle, kararl\u0131 ve d\u00fcr\u00fcst \u00e7al\u0131\u015fma ilkeleriylebu i\u015f kolunda bulunan ve tercih edilen se\u00e7kin firmalar aras\u0131ndad\u0131r.<\/p>\t\t\t\t\t\t\t\t<\/div>\n\t\t\t\t<\/div>\n\t\t\t\t<\/div>\n\t\t\t\t<div class=\"elementor-element elementor-element-76a3a2c elementor-widget elementor-widget-spacer\" data-id=\"76a3a2c\" data-element_type=\"widget\" data-widget_type=\"spacer.default\">\n\t\t\t\t<div class=\"elementor-widget-container\">\n\t\t\t\t\t\t\t<div class=\"elementor-spacer\">\n\t\t\t<div class=\"elementor-spacer-inner\"><\/div>\n\t\t<\/div>\n\t\t\t\t\t\t<\/div>\n\t\t\t\t<\/div>\n\t\t\t\t\t<\/div>\n\t\t\t\t<\/div>\n\t\t\t\t<\/div>\n\t\t\t\t\t<\/div>\n\t\t\t\t<\/div>\n\t\t<div class=\"elementor-element elementor-element-e1e89d2 e-flex e-con-boxed e-con e-parent\" data-id=\"e1e89d2\" data-element_type=\"container\">\n\t\t\t\t\t<div class=\"e-con-inner\">\n\t\t<div class=\"elementor-element elementor-element-6e9d1d9 e-con-full e-flex e-con e-child\" data-id=\"6e9d1d9\" data-element_type=\"container\">\n\t\t\t\t<div class=\"elementor-element elementor-element-383c895 elementor-widget elementor-widget-spacer\" data-id=\"383c895\" data-element_type=\"widget\" data-widget_type=\"spacer.default\">\n\t\t\t\t<div class=\"elementor-widget-container\">\n\t\t\t\t\t\t\t<div class=\"elementor-spacer\">\n\t\t\t<div class=\"elementor-spacer-inner\"><\/div>\n\t\t<\/div>\n\t\t\t\t\t\t<\/div>\n\t\t\t\t<\/div>\n\t\t\t\t<\/div>\n\t\t\t\t\t<\/div>\n\t\t\t\t<\/div>\n\t\t<div class=\"elementor-element elementor-element-3d41b77 e-flex e-con-boxed e-con e-parent\" data-id=\"3d41b77\" data-element_type=\"container\">\n\t\t\t\t\t<div class=\"e-con-inner\">\n\t\t<div class=\"elementor-element elementor-element-5989443 e-con-full e-flex e-con e-child\" data-id=\"5989443\" data-element_type=\"container\">\n\t\t<div class=\"elementor-element elementor-element-887932d e-con-full e-flex e-con e-child\" data-id=\"887932d\" data-element_type=\"container\">\n\t\t\t\t<div class=\"elementor-element elementor-element-5027399 elementor-widget elementor-widget-text-editor\" data-id=\"5027399\" data-element_type=\"widget\" data-widget_type=\"text-editor.default\">\n\t\t\t\t<div class=\"elementor-widget-container\">\n\t\t\t\t\t\t\t\t\t<p>Neler Yap\u0131yoruz?<\/p>\t\t\t\t\t\t\t\t<\/div>\n\t\t\t\t<\/div>\n\t\t\t\t<\/div>\n\t\t<div class=\"elementor-element elementor-element-6df2934 e-con-full e-grid e-con e-child\" data-id=\"6df2934\" data-element_type=\"container\">\n\t\t\t\t<div class=\"elementor-element elementor-element-e51e0ae baslik-hover elementor-widget elementor-widget-text-editor\" data-id=\"e51e0ae\" data-element_type=\"widget\" data-widget_type=\"text-editor.default\">\n\t\t\t\t<div class=\"elementor-widget-container\">\n\t\t\t\t\t\t\t\t\t<p>ALTYAPI<\/p><p>\u0130N\u015eAATLARI<\/p>\t\t\t\t\t\t\t\t<\/div>\n\t\t\t\t<\/div>\n\t\t\t\t<div class=\"elementor-element elementor-element-634b966 baslik-hover elementor-widget elementor-widget-text-editor\" data-id=\"634b966\" data-element_type=\"widget\" data-widget_type=\"text-editor.default\">\n\t\t\t\t<div class=\"elementor-widget-container\">\n\t\t\t\t\t\t\t\t\t<p>TELEKOM<\/p>\t\t\t\t\t\t\t\t<\/div>\n\t\t\t\t<\/div>\n\t\t\t\t<div class=\"elementor-element elementor-element-3ff7cf4 baslik-hover elementor-widget elementor-widget-text-editor\" data-id=\"3ff7cf4\" data-element_type=\"widget\" data-widget_type=\"text-editor.default\">\n\t\t\t\t<div class=\"elementor-widget-container\">\n\t\t\t\t\t\t\t\t\t<p>\u00dcSTYAPI<\/p><p>\u0130N\u015eAATLARI<\/p>\t\t\t\t\t\t\t\t<\/div>\n\t\t\t\t<\/div>\n\t\t\t\t<div class=\"elementor-element elementor-element-ddba2d0 baslik-hover elementor-widget elementor-widget-text-editor\" data-id=\"ddba2d0\" data-element_type=\"widget\" data-widget_type=\"text-editor.default\">\n\t\t\t\t<div class=\"elementor-widget-container\">\n\t\t\t\t\t\t\t\t\t<p>KONUT\/E\u011e\u0130T\u0130M<\/p>\t\t\t\t\t\t\t\t<\/div>\n\t\t\t\t<\/div>\n\t\t\t\t<div class=\"elementor-element elementor-element-3fe2af6 baslik-hover elementor-widget elementor-widget-text-editor\" data-id=\"3fe2af6\" data-element_type=\"widget\" data-widget_type=\"text-editor.default\">\n\t\t\t\t<div class=\"elementor-widget-container\">\n\t\t\t\t\t\t\t\t\t<p>YOL<\/p><p>\u0130N\u015eAATLARI<\/p>\t\t\t\t\t\t\t\t<\/div>\n\t\t\t\t<\/div>\n\t\t\t\t<div class=\"elementor-element elementor-element-e31b32a baslik-hover elementor-widget elementor-widget-text-editor\" data-id=\"e31b32a\" data-element_type=\"widget\" data-widget_type=\"text-editor.default\">\n\t\t\t\t<div class=\"elementor-widget-container\">\n\t\t\t\t\t\t\t\t\t<p>\u00c7EVRE<\/p><p>TANZ\u0130M\u0130<\/p>\t\t\t\t\t\t\t\t<\/div>\n\t\t\t\t<\/div>\n\t\t\t\t<div class=\"elementor-element elementor-element-5f6d915 baslik-hover elementor-widget elementor-widget-text-editor\" data-id=\"5f6d915\" data-element_type=\"widget\" data-widget_type=\"text-editor.default\">\n\t\t\t\t<div class=\"elementor-widget-container\">\n\t\t\t\t\t\t\t\t\t<p>ENERJ\u0130<\/p>\t\t\t\t\t\t\t\t<\/div>\n\t\t\t\t<\/div>\n\t\t\t\t<div class=\"elementor-element elementor-element-cc87e96 baslik-hover elementor-widget elementor-widget-text-editor\" data-id=\"cc87e96\" data-element_type=\"widget\" data-widget_type=\"text-editor.default\">\n\t\t\t\t<div class=\"elementor-widget-container\">\n\t\t\t\t\t\t\t\t\t<p>GSM<\/p>\t\t\t\t\t\t\t\t<\/div>\n\t\t\t\t<\/div>\n\t\t\t\t<\/div>\n\t\t\t\t<\/div>\n\t\t\t\t\t<\/div>\n\t\t\t\t<\/div>\n\t\t<div class=\"elementor-element elementor-element-49d8e03 e-flex e-con-boxed e-con e-parent\" data-id=\"49d8e03\" data-element_type=\"container\">\n\t\t\t\t\t<div class=\"e-con-inner\">\n\t\t<div class=\"elementor-element elementor-element-dc9a678 e-con-full e-flex e-con e-child\" data-id=\"dc9a678\" data-element_type=\"container\">\n\t\t<div class=\"elementor-element elementor-element-0c3c610 e-con-full e-flex e-con e-child\" data-id=\"0c3c610\" data-element_type=\"container\">\n\t\t\t\t<div class=\"elementor-element elementor-element-0b0d8d1 elementor-widget elementor-widget-spacer\" data-id=\"0b0d8d1\" data-element_type=\"widget\" data-widget_type=\"spacer.default\">\n\t\t\t\t<div class=\"elementor-widget-container\">\n\t\t\t\t\t\t\t<div class=\"elementor-spacer\">\n\t\t\t<div class=\"elementor-spacer-inner\"><\/div>\n\t\t<\/div>\n\t\t\t\t\t\t<\/div>\n\t\t\t\t<\/div>\n\t\t\t\t<\/div>\n\t\t\t\t<\/div>\n\t\t\t\t\t<\/div>\n\t\t\t\t<\/div>\n\t\t\t\t<\/div>","protected":false},"excerpt":{"rendered":"<p>ER-KAYA \u0130N\u015eAAT 2014-2018 YILLARI BOYUNCA T\u00dcRK TELEKOM M\u00dcTEAHH\u0130T PERFORMANS DE\u011eERLEND\u0130RMES\u0130NDE T\u00dcM B\u00d6LGELER ARASINDA EN BA\u015eARILI M\u00dcTEAHH\u0130T F\u0130RMA OLMA BA\u015eARISINI G\u00d6STERD\u0130K. 2019 YILI \u0130T\u0130BAR\u0130YLE PROFESYONEL KADROMUZ \u0130LE T\u00dcRK TELEKOM\u2019UN MOB\u0130L BAKIM \u00c7\u00d6Z\u00dcM ORTA\u011eIYIZ. ER-KAYA \u0130N\u015eAAT olarak m\u00fc\u015fteri memnuniyetinin ekonomik kazanc\u0131m\u0131zdan \u00f6nde geldi\u011fi bilin\u00e7 ve ER-KAYA \u0130N\u015eAAT olarak m\u00fc\u015fteri memnuniyetinin ekonomik kazanc\u0131m\u0131zdan \u00f6nde geldi\u011fi bilin\u00e7 ve kararl\u0131l\u0131\u011f\u0131&#8230;<\/p>","protected":false},"author":1,"featured_media":0,"parent":0,"menu_order":0,"comment_status":"closed","ping_status":"closed","template":"","meta":{"footnotes":""},"class_list":["post-812","page","type-page","status-publish","hentry"],"_links":{"self":[{"href":"https:\/\/petragrup.net\/de\/wp-json\/wp\/v2\/pages\/812","targetHints":{"allow":["GET"]}}],"collection":[{"href":"https:\/\/petragrup.net\/de\/wp-json\/wp\/v2\/pages"}],"about":[{"href":"https:\/\/petragrup.net\/de\/wp-json\/wp\/v2\/types\/page"}],"author":[{"embeddable":true,"href":"https:\/\/petragrup.net\/de\/wp-json\/wp\/v2\/users\/1"}],"replies":[{"embeddable":true,"href":"https:\/\/petragrup.net\/de\/wp-json\/wp\/v2\/comments?post=812"}],"version-history":[{"count":229,"href":"https:\/\/petragrup.net\/de\/wp-json\/wp\/v2\/pages\/812\/revisions"}],"predecessor-version":[{"id":990051,"href":"https:\/\/petragrup.net\/de\/wp-json\/wp\/v2\/pages\/812\/revisions\/990051"}],"wp:attachment":[{"href":"https:\/\/petragrup.net\/de\/wp-json\/wp\/v2\/media?parent=812"}],"curies":[{"name":"wp","href":"https:\/\/api.w.org\/{rel}","templated":true}]}}